{"id":695,"date":"2023-05-02T18:40:26","date_gmt":"2023-05-02T15:40:26","guid":{"rendered":"https:\/\/www.grabmedia.lt\/reklama-verslo-centruose\/"},"modified":"2023-06-06T13:06:22","modified_gmt":"2023-06-06T10:06:22","slug":"advertising-in-business-centers","status":"publish","type":"page","link":"https:\/\/www.grabmedia.lt\/en\/advertising-in-business-centers\/","title":{"rendered":"Advertising in business centers"},"content":{"rendered":"\t\t<div data-elementor-type=\"wp-page\" data-elementor-id=\"695\" class=\"elementor elementor-695 elementor-127\" data-elementor-post-type=\"page\">\n\t\t\t\t\t\t<section class=\"elementor-section elementor-top-section elementor-element elementor-element-a91e492 elementor-section-boxed elementor-section-height-default elementor-section-height-default\" data-id=\"a91e492\" data-element_type=\"section\">\n\t\t\t\t\t\t<div class=\"elementor-container elementor-column-gap-default\">\n\t\t\t\t\t<div class=\"elementor-column elementor-col-100 elementor-top-column elementor-element elementor-element-ea46a9c\" data-id=\"ea46a9c\" data-element_type=\"column\">\n\t\t\t<div class=\"elementor-widget-wrap elementor-element-populated\">\n\t\t\t\t\t\t<div class=\"elementor-element elementor-element-7416f26 elementor-widget elementor-widget-image\" data-id=\"7416f26\" data-element_type=\"widget\" data-widget_type=\"image.default\">\n\t\t\t\t<div class=\"elementor-widget-container\">\n\t\t\t\t\t\t\t\t\t\t\t\t\t\t\t<img fetchpriority=\"high\" decoding=\"async\" width=\"502\" height=\"957\" src=\"https:\/\/www.grabmedia.lt\/wp-content\/uploads\/2023\/05\/i-psl.jpg\" class=\"attachment-full size-full wp-image-283\" alt=\"\" srcset=\"https:\/\/www.grabmedia.lt\/wp-content\/uploads\/2023\/05\/i-psl.jpg 502w, https:\/\/www.grabmedia.lt\/wp-content\/uploads\/2023\/05\/i-psl-157x300.jpg 157w\" sizes=\"(max-width: 502px) 100vw, 502px\" loading=\"eager\" \/>\t\t\t\t\t\t\t\t\t\t\t\t\t\t\t<\/div>\n\t\t\t\t<\/div>\n\t\t\t\t<div class=\"elementor-element elementor-element-4cb9710 elementor-widget elementor-widget-text-editor\" data-id=\"4cb9710\" data-element_type=\"widget\" data-widget_type=\"text-editor.default\">\n\t\t\t\t<div class=\"elementor-widget-container\">\n\t\t\t\t\t\t\t\t\t<p dir=\"ltr\"><strong>Reklama verslo centruose<\/strong><\/p><p dir=\"ltr\">Lipdukai ant lift\u0173, r\u0117meliai<\/p><p dir=\"ltr\">Did\u017eiuosiuose Lietuvos miestuose verslo centr\u0173 darbuotoj\u0173 ir lankytoj\u0173 auditorij\u0105, pasi\u017eymin\u010di\u0105 auk\u0161ta perkam\u0105ja galia, galite pasiekti reklamuodamiesi verslo centr\u0173 liftuose. Suderiname projektus, nuomojame reklamos plotus ir atliekame visus su gamyba susijusius darbus.<\/p><p dir=\"ltr\">Vis\u0105 verslo centr\u0173 reklamos tinkl\u0105 sudaro per 60 lift\u0173. Daugiau nei 15-oje verslo centr\u0173.<\/p><p dir=\"ltr\">(Kiekvienam projektui konkret\u016bs verslo centrai parenkami individualiai pagal pageidavim\u0105, reklamos plot\u0173 u\u017eimtum\u0105 ir reklamos turin\u012f)<\/p><p dir=\"ltr\">Lankytoj\u0173 srautas sudaro per 340000 lankytoj\u0173 per m\u0117nes\u012f. Arba vidutini\u0161kai 17000 per darbo dien\u0105.<\/p><p dir=\"ltr\">Reklama matoma 8-10 valand\u0173 per dien\u0105. Didelis reklamos plotas, yra matomas, net tiesiogiai ne\u017ei\u016brint.<\/p><p dir=\"ltr\">Pagrindini\u0173 verslo centr\u0173 s\u0105ra\u0161as (pagal pageidavim\u0105 \u012ftraukiame ir kitus) :<\/p><p dir=\"ltr\"><strong>Vilnius:<\/strong><\/p><p dir=\"ltr\">3 Bur\u0117s (buv\u0119s Vilniaus Verslo Uostas) \u2013\u00a0Lvovo g. 25<\/p><p dir=\"ltr\">VERTAS (Vilniaus vartai) verslo centras \u2013 Gyn\u0117j\u0173 g. 16<\/p><p dir=\"ltr\">BCC \u2013 EIKA \u2013 A. Go\u0161tauto g. 40A<\/p><p dir=\"ltr\">BCC2 \u2013 EIKA \u2013 A. Go\u0161tauto g. 40B<\/p><p dir=\"ltr\">\u00a0Vilbra verslo centras \u2013\u00a0\u0160vitrigailos g. 11B<\/p><p dir=\"ltr\">NCBC \u2013 Kareivi\u0173 g. 6<\/p><p dir=\"ltr\">Saul\u0117tekio sl\u0117nis \u2013 Saul\u0117tekio al. 15<\/p><p dir=\"ltr\">\u017dirm\u016bn\u0173 verslo centras \u2013 \u017dirm\u016bn\u0173 g. 139<\/p><p dir=\"ltr\">Technopolis Ozas \u2013 V. Gerulai\u010dio g. 1<\/p><p dir=\"ltr\">L3 \u2013 Laisv\u0117s pr. 3<\/p><p dir=\"ltr\">Danola \u2013 Ulon\u0173 g. 5<\/p><p dir=\"ltr\">Skraidenis \u2013 Paneri\u0173 g. 51<\/p><p dir=\"ltr\">Orange office \u2013 Ukmerg\u0117s pl. 4<\/p><p dir=\"ltr\">Jin &amp; Jan \u2013 M\u0117nulio g. 7<\/p><p dir=\"ltr\">Kaman\u0117 \u2013\u00a0 Ukmerg\u0117s g. 369<\/p><p dir=\"ltr\">Verslo centras \u017dALGIRIO 135 \u2013 \u017dalgirio g. 135<\/p><p dir=\"ltr\"><strong>Kaunas:<\/strong><\/p><p dir=\"ltr\">BLC \u2013 Putvinskio g. 53-215<\/p><p dir=\"ltr\">BLC2 \u2013 K. Donelai\u010dio g. 62, V. Putvinskio g. 53 (Naujas!)<\/p><p dir=\"ltr\">PROSPEKTO verslo parkas \u2013 Vytauto pr. 27<\/p><p dir=\"ltr\">Verslo centras \u201cNordic\u201d \u2013 Savanori\u0173 pr. 192<\/p><p dir=\"ltr\">Verslo centras 32 \u2013 Vytauto pr. 32<\/p><p dir=\"ltr\"><strong>Klaip\u0117da:<\/strong><\/p><p dir=\"ltr\">Verslo centras Vit\u0117 \u2013 Naujoji Uosto g. 11<\/p><p dir=\"ltr\">Baltijos verslo centras \u2013 Baltijos pr. 12A<\/p>\t\t\t\t\t\t\t\t<\/div>\n\t\t\t\t<\/div>\n\t\t\t\t\t<\/div>\n\t\t<\/div>\n\t\t\t\t\t<\/div>\n\t\t<\/section>\n\t\t\t\t<\/div>\n\t\t","protected":false},"excerpt":{"rendered":"<p>Reklama verslo centruose Lipdukai ant lift\u0173, r\u0117meliai Did\u017eiuosiuose Lietuvos miestuose verslo centr\u0173 darbuotoj\u0173 ir lankytoj\u0173 auditorij\u0105, pasi\u017eymin\u010di\u0105 auk\u0161ta perkam\u0105ja galia, galite pasiekti reklamuodamiesi verslo centr\u0173 liftuose. Suderiname projektus, nuomojame reklamos plotus ir atliekame visus su gamyba susijusius darbus. Vis\u0105 verslo centr\u0173 reklamos tinkl\u0105 sudaro per 60 lift\u0173. Daugiau nei 15-oje verslo centr\u0173. (Kiekvienam projektui konkret\u016bs [&hellip;]<\/p>\n","protected":false},"author":1,"featured_media":130,"parent":0,"menu_order":27,"comment_status":"closed","ping_status":"closed","template":"","meta":{"footnotes":""},"puslapio-kategorija":[25],"class_list":["post-695","page","type-page","status-publish","has-post-thumbnail","hentry","puslapio-kategorija-paslauga-en"],"yoast_head":"<!-- This site is optimized with the Yoast SEO plugin v26.5 - https:\/\/yoast.com\/wordpress\/plugins\/seo\/ -->\n<title>Advertising in business centers - www.grabmedia.lt<\/title>\n<meta name=\"robots\" content=\"index, follow, max-snippet:-1, max-image-preview:large, max-video-preview:-1\" \/>\n<link rel=\"canonical\" href=\"https:\/\/www.grabmedia.lt\/en\/advertising-in-business-centers\/\" \/>\n<meta property=\"og:locale\" content=\"en_US\" \/>\n<meta property=\"og:type\" content=\"article\" \/>\n<meta property=\"og:title\" content=\"Advertising in business centers - www.grabmedia.lt\" \/>\n<meta property=\"og:description\" content=\"Reklama verslo centruose Lipdukai ant lift\u0173, r\u0117meliai Did\u017eiuosiuose Lietuvos miestuose verslo centr\u0173 darbuotoj\u0173 ir lankytoj\u0173 auditorij\u0105, pasi\u017eymin\u010di\u0105 auk\u0161ta perkam\u0105ja galia, galite pasiekti reklamuodamiesi verslo centr\u0173 liftuose. Suderiname projektus, nuomojame reklamos plotus ir atliekame visus su gamyba susijusius darbus. Vis\u0105 verslo centr\u0173 reklamos tinkl\u0105 sudaro per 60 lift\u0173. Daugiau nei 15-oje verslo centr\u0173. (Kiekvienam projektui konkret\u016bs [&hellip;]\" \/>\n<meta property=\"og:url\" content=\"https:\/\/www.grabmedia.lt\/en\/advertising-in-business-centers\/\" \/>\n<meta property=\"og:site_name\" content=\"www.grabmedia.lt\" \/>\n<meta property=\"article:modified_time\" content=\"2023-06-06T10:06:22+00:00\" \/>\n<meta property=\"og:image\" content=\"https:\/\/www.grabmedia.lt\/wp-content\/uploads\/2023\/05\/100_0296-570x455-1.jpg\" \/>\n\t<meta property=\"og:image:width\" content=\"570\" \/>\n\t<meta property=\"og:image:height\" content=\"455\" \/>\n\t<meta property=\"og:image:type\" content=\"image\/jpeg\" \/>\n<meta name=\"twitter:card\" content=\"summary_large_image\" \/>\n<meta name=\"twitter:label1\" content=\"Est. reading time\" \/>\n\t<meta name=\"twitter:data1\" content=\"2 minutes\" \/>\n<script type=\"application\/ld+json\" class=\"yoast-schema-graph\">{\"@context\":\"https:\/\/schema.org\",\"@graph\":[{\"@type\":\"WebPage\",\"@id\":\"https:\/\/www.grabmedia.lt\/en\/advertising-in-business-centers\/\",\"url\":\"https:\/\/www.grabmedia.lt\/en\/advertising-in-business-centers\/\",\"name\":\"Advertising in business centers - www.grabmedia.lt\",\"isPartOf\":{\"@id\":\"https:\/\/www.grabmedia.lt\/#website\"},\"primaryImageOfPage\":{\"@id\":\"https:\/\/www.grabmedia.lt\/en\/advertising-in-business-centers\/#primaryimage\"},\"image\":{\"@id\":\"https:\/\/www.grabmedia.lt\/en\/advertising-in-business-centers\/#primaryimage\"},\"thumbnailUrl\":\"https:\/\/www.grabmedia.lt\/wp-content\/uploads\/2023\/05\/100_0296-570x455-1.jpg\",\"datePublished\":\"2023-05-02T15:40:26+00:00\",\"dateModified\":\"2023-06-06T10:06:22+00:00\",\"breadcrumb\":{\"@id\":\"https:\/\/www.grabmedia.lt\/en\/advertising-in-business-centers\/#breadcrumb\"},\"inLanguage\":\"en-US\",\"potentialAction\":[{\"@type\":\"ReadAction\",\"target\":[\"https:\/\/www.grabmedia.lt\/en\/advertising-in-business-centers\/\"]}]},{\"@type\":\"ImageObject\",\"inLanguage\":\"en-US\",\"@id\":\"https:\/\/www.grabmedia.lt\/en\/advertising-in-business-centers\/#primaryimage\",\"url\":\"https:\/\/www.grabmedia.lt\/wp-content\/uploads\/2023\/05\/100_0296-570x455-1.jpg\",\"contentUrl\":\"https:\/\/www.grabmedia.lt\/wp-content\/uploads\/2023\/05\/100_0296-570x455-1.jpg\",\"width\":570,\"height\":455},{\"@type\":\"BreadcrumbList\",\"@id\":\"https:\/\/www.grabmedia.lt\/en\/advertising-in-business-centers\/#breadcrumb\",\"itemListElement\":[{\"@type\":\"ListItem\",\"position\":1,\"name\":\"Home\",\"item\":\"https:\/\/www.grabmedia.lt\/en\/\"},{\"@type\":\"ListItem\",\"position\":2,\"name\":\"Advertising in business centers\"}]},{\"@type\":\"WebSite\",\"@id\":\"https:\/\/www.grabmedia.lt\/#website\",\"url\":\"https:\/\/www.grabmedia.lt\/\",\"name\":\"www.grabmedia.lt\",\"description\":\"BTL agent\u016bra\",\"publisher\":{\"@id\":\"https:\/\/www.grabmedia.lt\/#organization\"},\"potentialAction\":[{\"@type\":\"SearchAction\",\"target\":{\"@type\":\"EntryPoint\",\"urlTemplate\":\"https:\/\/www.grabmedia.lt\/?s={search_term_string}\"},\"query-input\":{\"@type\":\"PropertyValueSpecification\",\"valueRequired\":true,\"valueName\":\"search_term_string\"}}],\"inLanguage\":\"en-US\"},{\"@type\":\"Organization\",\"@id\":\"https:\/\/www.grabmedia.lt\/#organization\",\"name\":\"www.grabmedia.lt\",\"url\":\"https:\/\/www.grabmedia.lt\/\",\"logo\":{\"@type\":\"ImageObject\",\"inLanguage\":\"en-US\",\"@id\":\"https:\/\/www.grabmedia.lt\/#\/schema\/logo\/image\/\",\"url\":\"https:\/\/www.grabmedia.lt\/wp-content\/uploads\/2023\/04\/grabmedia_logo.png\",\"contentUrl\":\"https:\/\/www.grabmedia.lt\/wp-content\/uploads\/2023\/04\/grabmedia_logo.png\",\"width\":220,\"height\":58,\"caption\":\"www.grabmedia.lt\"},\"image\":{\"@id\":\"https:\/\/www.grabmedia.lt\/#\/schema\/logo\/image\/\"}}]}<\/script>\n<!-- \/ Yoast SEO plugin. -->","yoast_head_json":{"title":"Advertising in business centers - www.grabmedia.lt","robots":{"index":"index","follow":"follow","max-snippet":"max-snippet:-1","max-image-preview":"max-image-preview:large","max-video-preview":"max-video-preview:-1"},"canonical":"https:\/\/www.grabmedia.lt\/en\/advertising-in-business-centers\/","og_locale":"en_US","og_type":"article","og_title":"Advertising in business centers - www.grabmedia.lt","og_description":"Reklama verslo centruose Lipdukai ant lift\u0173, r\u0117meliai Did\u017eiuosiuose Lietuvos miestuose verslo centr\u0173 darbuotoj\u0173 ir lankytoj\u0173 auditorij\u0105, pasi\u017eymin\u010di\u0105 auk\u0161ta perkam\u0105ja galia, galite pasiekti reklamuodamiesi verslo centr\u0173 liftuose. Suderiname projektus, nuomojame reklamos plotus ir atliekame visus su gamyba susijusius darbus. Vis\u0105 verslo centr\u0173 reklamos tinkl\u0105 sudaro per 60 lift\u0173. Daugiau nei 15-oje verslo centr\u0173. (Kiekvienam projektui konkret\u016bs [&hellip;]","og_url":"https:\/\/www.grabmedia.lt\/en\/advertising-in-business-centers\/","og_site_name":"www.grabmedia.lt","article_modified_time":"2023-06-06T10:06:22+00:00","og_image":[{"width":570,"height":455,"url":"https:\/\/www.grabmedia.lt\/wp-content\/uploads\/2023\/05\/100_0296-570x455-1.jpg","type":"image\/jpeg"}],"twitter_card":"summary_large_image","twitter_misc":{"Est. reading time":"2 minutes"},"schema":{"@context":"https:\/\/schema.org","@graph":[{"@type":"WebPage","@id":"https:\/\/www.grabmedia.lt\/en\/advertising-in-business-centers\/","url":"https:\/\/www.grabmedia.lt\/en\/advertising-in-business-centers\/","name":"Advertising in business centers - www.grabmedia.lt","isPartOf":{"@id":"https:\/\/www.grabmedia.lt\/#website"},"primaryImageOfPage":{"@id":"https:\/\/www.grabmedia.lt\/en\/advertising-in-business-centers\/#primaryimage"},"image":{"@id":"https:\/\/www.grabmedia.lt\/en\/advertising-in-business-centers\/#primaryimage"},"thumbnailUrl":"https:\/\/www.grabmedia.lt\/wp-content\/uploads\/2023\/05\/100_0296-570x455-1.jpg","datePublished":"2023-05-02T15:40:26+00:00","dateModified":"2023-06-06T10:06:22+00:00","breadcrumb":{"@id":"https:\/\/www.grabmedia.lt\/en\/advertising-in-business-centers\/#breadcrumb"},"inLanguage":"en-US","potentialAction":[{"@type":"ReadAction","target":["https:\/\/www.grabmedia.lt\/en\/advertising-in-business-centers\/"]}]},{"@type":"ImageObject","inLanguage":"en-US","@id":"https:\/\/www.grabmedia.lt\/en\/advertising-in-business-centers\/#primaryimage","url":"https:\/\/www.grabmedia.lt\/wp-content\/uploads\/2023\/05\/100_0296-570x455-1.jpg","contentUrl":"https:\/\/www.grabmedia.lt\/wp-content\/uploads\/2023\/05\/100_0296-570x455-1.jpg","width":570,"height":455},{"@type":"BreadcrumbList","@id":"https:\/\/www.grabmedia.lt\/en\/advertising-in-business-centers\/#breadcrumb","itemListElement":[{"@type":"ListItem","position":1,"name":"Home","item":"https:\/\/www.grabmedia.lt\/en\/"},{"@type":"ListItem","position":2,"name":"Advertising in business centers"}]},{"@type":"WebSite","@id":"https:\/\/www.grabmedia.lt\/#website","url":"https:\/\/www.grabmedia.lt\/","name":"www.grabmedia.lt","description":"BTL agent\u016bra","publisher":{"@id":"https:\/\/www.grabmedia.lt\/#organization"},"potentialAction":[{"@type":"SearchAction","target":{"@type":"EntryPoint","urlTemplate":"https:\/\/www.grabmedia.lt\/?s={search_term_string}"},"query-input":{"@type":"PropertyValueSpecification","valueRequired":true,"valueName":"search_term_string"}}],"inLanguage":"en-US"},{"@type":"Organization","@id":"https:\/\/www.grabmedia.lt\/#organization","name":"www.grabmedia.lt","url":"https:\/\/www.grabmedia.lt\/","logo":{"@type":"ImageObject","inLanguage":"en-US","@id":"https:\/\/www.grabmedia.lt\/#\/schema\/logo\/image\/","url":"https:\/\/www.grabmedia.lt\/wp-content\/uploads\/2023\/04\/grabmedia_logo.png","contentUrl":"https:\/\/www.grabmedia.lt\/wp-content\/uploads\/2023\/04\/grabmedia_logo.png","width":220,"height":58,"caption":"www.grabmedia.lt"},"image":{"@id":"https:\/\/www.grabmedia.lt\/#\/schema\/logo\/image\/"}}]}},"_links":{"self":[{"href":"https:\/\/www.grabmedia.lt\/en\/wp-json\/wp\/v2\/pages\/695","targetHints":{"allow":["GET"]}}],"collection":[{"href":"https:\/\/www.grabmedia.lt\/en\/wp-json\/wp\/v2\/pages"}],"about":[{"href":"https:\/\/www.grabmedia.lt\/en\/wp-json\/wp\/v2\/types\/page"}],"author":[{"embeddable":true,"href":"https:\/\/www.grabmedia.lt\/en\/wp-json\/wp\/v2\/users\/1"}],"replies":[{"embeddable":true,"href":"https:\/\/www.grabmedia.lt\/en\/wp-json\/wp\/v2\/comments?post=695"}],"version-history":[{"count":1,"href":"https:\/\/www.grabmedia.lt\/en\/wp-json\/wp\/v2\/pages\/695\/revisions"}],"predecessor-version":[{"id":696,"href":"https:\/\/www.grabmedia.lt\/en\/wp-json\/wp\/v2\/pages\/695\/revisions\/696"}],"wp:featuredmedia":[{"embeddable":true,"href":"https:\/\/www.grabmedia.lt\/en\/wp-json\/wp\/v2\/media\/130"}],"wp:attachment":[{"href":"https:\/\/www.grabmedia.lt\/en\/wp-json\/wp\/v2\/media?parent=695"}],"wp:term":[{"taxonomy":"puslapio-kategorija","embeddable":true,"href":"https:\/\/www.grabmedia.lt\/en\/wp-json\/wp\/v2\/puslapio-kategorija?post=695"}],"curies":[{"name":"wp","href":"https:\/\/api.w.org\/{rel}","templated":true}]}}