{"id":690,"date":"2023-05-02T18:38:10","date_gmt":"2023-05-02T15:38:10","guid":{"rendered":"https:\/\/www.grabmedia.lt\/reklama-viesajame-transporte-reklamines-rankenos\/"},"modified":"2023-06-27T13:35:30","modified_gmt":"2023-06-27T10:35:30","slug":"advertising-handles-screens-frames-in-public-transport","status":"publish","type":"page","link":"https:\/\/www.grabmedia.lt\/en\/advertising-handles-screens-frames-in-public-transport\/","title":{"rendered":"Advertising in public transport &#8211; advertising screens, advertising frames, advertising handles"},"content":{"rendered":"\t\t<div data-elementor-type=\"wp-page\" data-elementor-id=\"690\" class=\"elementor elementor-690 elementor-121\" data-elementor-post-type=\"page\">\n\t\t\t\t\t\t<section class=\"elementor-section elementor-top-section elementor-element elementor-element-0a0b8d5 elementor-section-boxed elementor-section-height-default elementor-section-height-default\" data-id=\"0a0b8d5\" data-element_type=\"section\">\n\t\t\t\t\t\t<div class=\"elementor-container elementor-column-gap-default\">\n\t\t\t\t\t<div class=\"elementor-column elementor-col-100 elementor-top-column elementor-element elementor-element-c0e19d1\" data-id=\"c0e19d1\" data-element_type=\"column\">\n\t\t\t<div class=\"elementor-widget-wrap elementor-element-populated\">\n\t\t\t\t\t\t<div class=\"elementor-element elementor-element-9087cf0 elementor-widget elementor-widget-image\" data-id=\"9087cf0\" data-element_type=\"widget\" data-widget_type=\"image.default\">\n\t\t\t\t<div class=\"elementor-widget-container\">\n\t\t\t\t\t\t\t\t\t\t\t\t\t\t\t<img fetchpriority=\"high\" decoding=\"async\" width=\"800\" height=\"600\" src=\"https:\/\/www.grabmedia.lt\/wp-content\/uploads\/2023\/06\/maxima-skaidiskes-2-1024x768.jpg\" class=\"attachment-large size-large wp-image-9147\" alt=\"\" srcset=\"https:\/\/www.grabmedia.lt\/wp-content\/uploads\/2023\/06\/maxima-skaidiskes-2-1024x768.jpg 1024w, https:\/\/www.grabmedia.lt\/wp-content\/uploads\/2023\/06\/maxima-skaidiskes-2-768x576.jpg 768w, https:\/\/www.grabmedia.lt\/wp-content\/uploads\/2023\/06\/maxima-skaidiskes-2.jpg 1200w\" sizes=\"(max-width: 800px) 100vw, 800px\" loading=\"eager\" \/>\t\t\t\t\t\t\t\t\t\t\t\t\t\t\t<\/div>\n\t\t\t\t<\/div>\n\t\t\t\t\t<\/div>\n\t\t<\/div>\n\t\t\t\t\t<\/div>\n\t\t<\/section>\n\t\t\t\t<section class=\"elementor-section elementor-top-section elementor-element elementor-element-09f517b elementor-section-boxed elementor-section-height-default elementor-section-height-default\" data-id=\"09f517b\" data-element_type=\"section\">\n\t\t\t\t\t\t<div class=\"elementor-container elementor-column-gap-default\">\n\t\t\t\t\t<div class=\"elementor-column elementor-col-100 elementor-top-column elementor-element elementor-element-bb4b0a7\" data-id=\"bb4b0a7\" data-element_type=\"column\">\n\t\t\t<div class=\"elementor-widget-wrap elementor-element-populated\">\n\t\t\t\t\t\t<div class=\"elementor-element elementor-element-38b0d90 elementor-widget elementor-widget-text-editor\" data-id=\"38b0d90\" data-element_type=\"widget\" data-widget_type=\"text-editor.default\">\n\t\t\t\t<div class=\"elementor-widget-container\">\n\t\t\t\t\t\t\t\t\t<p><strong>Advertising possibilities in public transport. Few facts about them:<\/strong><\/p><ul><li>about 250 thousand contacts per day<\/li><li>about 400 thousand passengers per day<\/li><li>70% of passengers travel without transfers, their <b>journey takes an average time of 30 mins.<\/b> So during such time your advertise will be seen few times. This will ensure that the advertising message is not only seen, but also understood and remembered.<\/li><\/ul><p><strong>All these passengers you can reach in 3 ways:<br \/><\/strong><\/p><p>1. Screens in Vilnius which are in the newest models of buses and trolleybuses<br \/>2. Frames which are above public transport windows in Vilnius, Kaunas and Panevezys. <br \/>3. Advertising handles which are in Klaipeda buses.<\/p><p><strong>Screens:<\/strong><\/p><ul><li>in total there are 879 screens in 256 buses and trolleybuses<\/li><li>LCD screens in public transport cabin are directed in all directions and broadcast not only advertising, but also useful information for passengers. This leads to greater visibility of the content.<\/li><\/ul>\t\t\t\t\t\t\t\t<\/div>\n\t\t\t\t<\/div>\n\t\t\t\t<div class=\"elementor-element elementor-element-1c40d1d elementor-widget elementor-widget-image\" data-id=\"1c40d1d\" data-element_type=\"widget\" data-widget_type=\"image.default\">\n\t\t\t\t<div class=\"elementor-widget-container\">\n\t\t\t\t\t\t\t\t\t\t\t\t\t\t\t<img decoding=\"async\" width=\"800\" height=\"654\" src=\"https:\/\/www.grabmedia.lt\/wp-content\/uploads\/2023\/06\/circlek-2021-09-2-1.jpg\" class=\"attachment-large size-large wp-image-9143\" alt=\"\" srcset=\"https:\/\/www.grabmedia.lt\/wp-content\/uploads\/2023\/06\/circlek-2021-09-2-1.jpg 939w, https:\/\/www.grabmedia.lt\/wp-content\/uploads\/2023\/06\/circlek-2021-09-2-1-768x628.jpg 768w\" sizes=\"(max-width: 800px) 100vw, 800px\" loading=\"eager\" \/>\t\t\t\t\t\t\t\t\t\t\t\t\t\t\t<\/div>\n\t\t\t\t<\/div>\n\t\t\t\t<div class=\"elementor-element elementor-element-b00b6a1 elementor-widget elementor-widget-image\" data-id=\"b00b6a1\" data-element_type=\"widget\" data-widget_type=\"image.default\">\n\t\t\t\t<div class=\"elementor-widget-container\">\n\t\t\t\t\t\t\t\t\t\t\t\t\t\t\t<img decoding=\"async\" width=\"800\" height=\"600\" src=\"https:\/\/www.grabmedia.lt\/wp-content\/uploads\/2023\/06\/Swedbank-remelis.jpg\" class=\"attachment-large size-large wp-image-9164\" alt=\"\" srcset=\"https:\/\/www.grabmedia.lt\/wp-content\/uploads\/2023\/06\/Swedbank-remelis.jpg 1024w, https:\/\/www.grabmedia.lt\/wp-content\/uploads\/2023\/06\/Swedbank-remelis-768x576.jpg 768w\" sizes=\"(max-width: 800px) 100vw, 800px\" loading=\"eager\" \/>\t\t\t\t\t\t\t\t\t\t\t\t\t\t\t<\/div>\n\t\t\t\t<\/div>\n\t\t\t\t\t<\/div>\n\t\t<\/div>\n\t\t\t\t\t<\/div>\n\t\t<\/section>\n\t\t\t\t<section class=\"elementor-section elementor-top-section elementor-element elementor-element-406c66e elementor-section-boxed elementor-section-height-default elementor-section-height-default\" data-id=\"406c66e\" data-element_type=\"section\">\n\t\t\t\t\t\t<div class=\"elementor-container elementor-column-gap-default\">\n\t\t\t\t\t<div class=\"elementor-column elementor-col-100 elementor-top-column elementor-element elementor-element-193b752\" data-id=\"193b752\" data-element_type=\"column\">\n\t\t\t<div class=\"elementor-widget-wrap elementor-element-populated\">\n\t\t\t\t\t\t<div class=\"elementor-element elementor-element-7bdb25b elementor-widget elementor-widget-text-editor\" data-id=\"7bdb25b\" data-element_type=\"widget\" data-widget_type=\"text-editor.default\">\n\t\t\t\t<div class=\"elementor-widget-container\">\n\t\t\t\t\t\t\t\t\t<p style=\"text-align: center;\"><strong>Frames<\/strong><\/p><p>Frames for wide-format posters are installed above the entrance doors and windows. Large format plates are good for informative advertisements and photos. Especially visible to those waiting to get off.<\/p>\t\t\t\t\t\t\t\t<\/div>\n\t\t\t\t<\/div>\n\t\t\t\t<div class=\"elementor-element elementor-element-591410c elementor-widget elementor-widget-image\" data-id=\"591410c\" data-element_type=\"widget\" data-widget_type=\"image.default\">\n\t\t\t\t<div class=\"elementor-widget-container\">\n\t\t\t\t\t\t\t\t\t\t\t\t\t\t\t<img decoding=\"async\" width=\"1024\" height=\"680\" src=\"https:\/\/www.grabmedia.lt\/wp-content\/uploads\/2023\/05\/reklamines-rankenos-1024x680-1.jpg\" class=\"attachment-full size-full wp-image-270\" alt=\"\" srcset=\"https:\/\/www.grabmedia.lt\/wp-content\/uploads\/2023\/05\/reklamines-rankenos-1024x680-1.jpg 1024w, https:\/\/www.grabmedia.lt\/wp-content\/uploads\/2023\/05\/reklamines-rankenos-1024x680-1-300x199.jpg 300w, https:\/\/www.grabmedia.lt\/wp-content\/uploads\/2023\/05\/reklamines-rankenos-1024x680-1-768x510.jpg 768w\" sizes=\"(max-width: 1024px) 100vw, 1024px\" loading=\"eager\" \/>\t\t\t\t\t\t\t\t\t\t\t\t\t\t\t<\/div>\n\t\t\t\t<\/div>\n\t\t\t\t<div class=\"elementor-element elementor-element-f51f538 elementor-widget elementor-widget-image\" data-id=\"f51f538\" data-element_type=\"widget\" data-widget_type=\"image.default\">\n\t\t\t\t<div class=\"elementor-widget-container\">\n\t\t\t\t\t\t\t\t\t\t\t\t\t\t\t<img decoding=\"async\" width=\"889\" height=\"1024\" src=\"https:\/\/www.grabmedia.lt\/wp-content\/uploads\/2023\/05\/Fielmann-Kaunas-3-889x1024-1.jpg\" class=\"attachment-full size-full wp-image-272\" alt=\"\" srcset=\"https:\/\/www.grabmedia.lt\/wp-content\/uploads\/2023\/05\/Fielmann-Kaunas-3-889x1024-1.jpg 889w, https:\/\/www.grabmedia.lt\/wp-content\/uploads\/2023\/05\/Fielmann-Kaunas-3-889x1024-1-260x300.jpg 260w, https:\/\/www.grabmedia.lt\/wp-content\/uploads\/2023\/05\/Fielmann-Kaunas-3-889x1024-1-768x885.jpg 768w\" sizes=\"(max-width: 889px) 100vw, 889px\" loading=\"eager\" \/>\t\t\t\t\t\t\t\t\t\t\t\t\t\t\t<\/div>\n\t\t\t\t<\/div>\n\t\t\t\t\t<\/div>\n\t\t<\/div>\n\t\t\t\t\t<\/div>\n\t\t<\/section>\n\t\t\t\t<section class=\"elementor-section elementor-top-section elementor-element elementor-element-470ff6f elementor-section-boxed elementor-section-height-default elementor-section-height-default\" data-id=\"470ff6f\" data-element_type=\"section\">\n\t\t\t\t\t\t<div class=\"elementor-container elementor-column-gap-default\">\n\t\t\t\t\t<div class=\"elementor-column elementor-col-100 elementor-top-column elementor-element elementor-element-e21d386\" data-id=\"e21d386\" data-element_type=\"column\">\n\t\t\t<div class=\"elementor-widget-wrap elementor-element-populated\">\n\t\t\t\t\t\t<div class=\"elementor-element elementor-element-3ab9426 elementor-widget elementor-widget-text-editor\" data-id=\"3ab9426\" data-element_type=\"widget\" data-widget_type=\"text-editor.default\">\n\t\t\t\t<div class=\"elementor-widget-container\">\n\t\t\t\t\t\t\t\t\t<p style=\"text-align: center;\"><strong>Handles<\/strong><\/p><p>Inside the buses and trolleybuses running in the big cities of Lithuania, we have installed advertising handles for passengers to hold on to. On average, each vehicle has 13 such handles, so they are accessible and visible to every passenger.<\/p><p>Handles fit double-sided printing. It is possible to host several different layouts for the same price. Advertising price is the same in all cities.<\/p><p>We can place your advertisement in all cities within 2-3 working days after receiving the layout. We can also create a layout.<\/p><p>Handles are located in the following 5 cities: Vilnius, Klaip\u0117da, \u0160iauliai, Panev\u0117\u017eys, Utena.<br \/><br \/><\/p><p>One bus-trolley transports over 25,000 passengers on average per month, and advertising is visible for an average of 15 hours per day.<\/p>\t\t\t\t\t\t\t\t<\/div>\n\t\t\t\t<\/div>\n\t\t\t\t\t<\/div>\n\t\t<\/div>\n\t\t\t\t\t<\/div>\n\t\t<\/section>\n\t\t\t\t<\/div>\n\t\t","protected":false},"excerpt":{"rendered":"<p>Advertising possibilities in public transport. Few facts about them: about 250 thousand contacts per day about 400 thousand passengers per day 70% of passengers travel without transfers, their journey takes an average time of 30 mins. So during such time your advertise will be seen few times. This will ensure that the advertising message is [&hellip;]<\/p>\n","protected":false},"author":1,"featured_media":126,"parent":0,"menu_order":25,"comment_status":"closed","ping_status":"closed","template":"","meta":{"footnotes":""},"puslapio-kategorija":[25],"class_list":["post-690","page","type-page","status-publish","has-post-thumbnail","hentry","puslapio-kategorija-paslauga-en"],"yoast_head":"<!-- This site is optimized with the Yoast SEO plugin v26.5 - https:\/\/yoast.com\/wordpress\/plugins\/seo\/ -->\n<title>Advertising in public transport - advertising screens, advertising frames, advertising handles - www.grabmedia.lt<\/title>\n<meta name=\"robots\" content=\"index, follow, max-snippet:-1, max-image-preview:large, max-video-preview:-1\" \/>\n<link rel=\"canonical\" href=\"https:\/\/www.grabmedia.lt\/en\/advertising-handles-screens-frames-in-public-transport\/\" \/>\n<meta property=\"og:locale\" content=\"en_US\" \/>\n<meta property=\"og:type\" content=\"article\" \/>\n<meta property=\"og:title\" content=\"Advertising in public transport - advertising screens, advertising frames, advertising handles - www.grabmedia.lt\" \/>\n<meta property=\"og:description\" content=\"Advertising possibilities in public transport. Few facts about them: about 250 thousand contacts per day about 400 thousand passengers per day 70% of passengers travel without transfers, their journey takes an average time of 30 mins. So during such time your advertise will be seen few times. This will ensure that the advertising message is [&hellip;]\" \/>\n<meta property=\"og:url\" content=\"https:\/\/www.grabmedia.lt\/en\/advertising-handles-screens-frames-in-public-transport\/\" \/>\n<meta property=\"og:site_name\" content=\"www.grabmedia.lt\" \/>\n<meta property=\"article:modified_time\" content=\"2023-06-27T10:35:30+00:00\" \/>\n<meta property=\"og:image\" content=\"https:\/\/www.grabmedia.lt\/wp-content\/uploads\/2023\/05\/reklamines-rankenos-ibumetin-570x455-2.jpg\" \/>\n\t<meta property=\"og:image:width\" content=\"570\" \/>\n\t<meta property=\"og:image:height\" content=\"455\" \/>\n\t<meta property=\"og:image:type\" content=\"image\/jpeg\" \/>\n<meta name=\"twitter:card\" content=\"summary_large_image\" \/>\n<meta name=\"twitter:label1\" content=\"Est. reading time\" \/>\n\t<meta name=\"twitter:data1\" content=\"3 minutes\" \/>\n<script type=\"application\/ld+json\" class=\"yoast-schema-graph\">{\"@context\":\"https:\/\/schema.org\",\"@graph\":[{\"@type\":\"WebPage\",\"@id\":\"https:\/\/www.grabmedia.lt\/en\/advertising-handles-screens-frames-in-public-transport\/\",\"url\":\"https:\/\/www.grabmedia.lt\/en\/advertising-handles-screens-frames-in-public-transport\/\",\"name\":\"Advertising in public transport - advertising screens, advertising frames, advertising handles - www.grabmedia.lt\",\"isPartOf\":{\"@id\":\"https:\/\/www.grabmedia.lt\/#website\"},\"primaryImageOfPage\":{\"@id\":\"https:\/\/www.grabmedia.lt\/en\/advertising-handles-screens-frames-in-public-transport\/#primaryimage\"},\"image\":{\"@id\":\"https:\/\/www.grabmedia.lt\/en\/advertising-handles-screens-frames-in-public-transport\/#primaryimage\"},\"thumbnailUrl\":\"https:\/\/www.grabmedia.lt\/wp-content\/uploads\/2023\/05\/reklamines-rankenos-ibumetin-570x455-2.jpg\",\"datePublished\":\"2023-05-02T15:38:10+00:00\",\"dateModified\":\"2023-06-27T10:35:30+00:00\",\"breadcrumb\":{\"@id\":\"https:\/\/www.grabmedia.lt\/en\/advertising-handles-screens-frames-in-public-transport\/#breadcrumb\"},\"inLanguage\":\"en-US\",\"potentialAction\":[{\"@type\":\"ReadAction\",\"target\":[\"https:\/\/www.grabmedia.lt\/en\/advertising-handles-screens-frames-in-public-transport\/\"]}]},{\"@type\":\"ImageObject\",\"inLanguage\":\"en-US\",\"@id\":\"https:\/\/www.grabmedia.lt\/en\/advertising-handles-screens-frames-in-public-transport\/#primaryimage\",\"url\":\"https:\/\/www.grabmedia.lt\/wp-content\/uploads\/2023\/05\/reklamines-rankenos-ibumetin-570x455-2.jpg\",\"contentUrl\":\"https:\/\/www.grabmedia.lt\/wp-content\/uploads\/2023\/05\/reklamines-rankenos-ibumetin-570x455-2.jpg\",\"width\":570,\"height\":455},{\"@type\":\"BreadcrumbList\",\"@id\":\"https:\/\/www.grabmedia.lt\/en\/advertising-handles-screens-frames-in-public-transport\/#breadcrumb\",\"itemListElement\":[{\"@type\":\"ListItem\",\"position\":1,\"name\":\"Home\",\"item\":\"https:\/\/www.grabmedia.lt\/en\/\"},{\"@type\":\"ListItem\",\"position\":2,\"name\":\"Advertising in public transport &#8211; advertising screens, advertising frames, advertising handles\"}]},{\"@type\":\"WebSite\",\"@id\":\"https:\/\/www.grabmedia.lt\/#website\",\"url\":\"https:\/\/www.grabmedia.lt\/\",\"name\":\"www.grabmedia.lt\",\"description\":\"BTL agent\u016bra\",\"publisher\":{\"@id\":\"https:\/\/www.grabmedia.lt\/#organization\"},\"potentialAction\":[{\"@type\":\"SearchAction\",\"target\":{\"@type\":\"EntryPoint\",\"urlTemplate\":\"https:\/\/www.grabmedia.lt\/?s={search_term_string}\"},\"query-input\":{\"@type\":\"PropertyValueSpecification\",\"valueRequired\":true,\"valueName\":\"search_term_string\"}}],\"inLanguage\":\"en-US\"},{\"@type\":\"Organization\",\"@id\":\"https:\/\/www.grabmedia.lt\/#organization\",\"name\":\"www.grabmedia.lt\",\"url\":\"https:\/\/www.grabmedia.lt\/\",\"logo\":{\"@type\":\"ImageObject\",\"inLanguage\":\"en-US\",\"@id\":\"https:\/\/www.grabmedia.lt\/#\/schema\/logo\/image\/\",\"url\":\"https:\/\/www.grabmedia.lt\/wp-content\/uploads\/2023\/04\/grabmedia_logo.png\",\"contentUrl\":\"https:\/\/www.grabmedia.lt\/wp-content\/uploads\/2023\/04\/grabmedia_logo.png\",\"width\":220,\"height\":58,\"caption\":\"www.grabmedia.lt\"},\"image\":{\"@id\":\"https:\/\/www.grabmedia.lt\/#\/schema\/logo\/image\/\"}}]}<\/script>\n<!-- \/ Yoast SEO plugin. -->","yoast_head_json":{"title":"Advertising in public transport - advertising screens, advertising frames, advertising handles - www.grabmedia.lt","robots":{"index":"index","follow":"follow","max-snippet":"max-snippet:-1","max-image-preview":"max-image-preview:large","max-video-preview":"max-video-preview:-1"},"canonical":"https:\/\/www.grabmedia.lt\/en\/advertising-handles-screens-frames-in-public-transport\/","og_locale":"en_US","og_type":"article","og_title":"Advertising in public transport - advertising screens, advertising frames, advertising handles - www.grabmedia.lt","og_description":"Advertising possibilities in public transport. Few facts about them: about 250 thousand contacts per day about 400 thousand passengers per day 70% of passengers travel without transfers, their journey takes an average time of 30 mins. So during such time your advertise will be seen few times. This will ensure that the advertising message is [&hellip;]","og_url":"https:\/\/www.grabmedia.lt\/en\/advertising-handles-screens-frames-in-public-transport\/","og_site_name":"www.grabmedia.lt","article_modified_time":"2023-06-27T10:35:30+00:00","og_image":[{"width":570,"height":455,"url":"https:\/\/www.grabmedia.lt\/wp-content\/uploads\/2023\/05\/reklamines-rankenos-ibumetin-570x455-2.jpg","type":"image\/jpeg"}],"twitter_card":"summary_large_image","twitter_misc":{"Est. reading time":"3 minutes"},"schema":{"@context":"https:\/\/schema.org","@graph":[{"@type":"WebPage","@id":"https:\/\/www.grabmedia.lt\/en\/advertising-handles-screens-frames-in-public-transport\/","url":"https:\/\/www.grabmedia.lt\/en\/advertising-handles-screens-frames-in-public-transport\/","name":"Advertising in public transport - advertising screens, advertising frames, advertising handles - www.grabmedia.lt","isPartOf":{"@id":"https:\/\/www.grabmedia.lt\/#website"},"primaryImageOfPage":{"@id":"https:\/\/www.grabmedia.lt\/en\/advertising-handles-screens-frames-in-public-transport\/#primaryimage"},"image":{"@id":"https:\/\/www.grabmedia.lt\/en\/advertising-handles-screens-frames-in-public-transport\/#primaryimage"},"thumbnailUrl":"https:\/\/www.grabmedia.lt\/wp-content\/uploads\/2023\/05\/reklamines-rankenos-ibumetin-570x455-2.jpg","datePublished":"2023-05-02T15:38:10+00:00","dateModified":"2023-06-27T10:35:30+00:00","breadcrumb":{"@id":"https:\/\/www.grabmedia.lt\/en\/advertising-handles-screens-frames-in-public-transport\/#breadcrumb"},"inLanguage":"en-US","potentialAction":[{"@type":"ReadAction","target":["https:\/\/www.grabmedia.lt\/en\/advertising-handles-screens-frames-in-public-transport\/"]}]},{"@type":"ImageObject","inLanguage":"en-US","@id":"https:\/\/www.grabmedia.lt\/en\/advertising-handles-screens-frames-in-public-transport\/#primaryimage","url":"https:\/\/www.grabmedia.lt\/wp-content\/uploads\/2023\/05\/reklamines-rankenos-ibumetin-570x455-2.jpg","contentUrl":"https:\/\/www.grabmedia.lt\/wp-content\/uploads\/2023\/05\/reklamines-rankenos-ibumetin-570x455-2.jpg","width":570,"height":455},{"@type":"BreadcrumbList","@id":"https:\/\/www.grabmedia.lt\/en\/advertising-handles-screens-frames-in-public-transport\/#breadcrumb","itemListElement":[{"@type":"ListItem","position":1,"name":"Home","item":"https:\/\/www.grabmedia.lt\/en\/"},{"@type":"ListItem","position":2,"name":"Advertising in public transport &#8211; advertising screens, advertising frames, advertising handles"}]},{"@type":"WebSite","@id":"https:\/\/www.grabmedia.lt\/#website","url":"https:\/\/www.grabmedia.lt\/","name":"www.grabmedia.lt","description":"BTL agent\u016bra","publisher":{"@id":"https:\/\/www.grabmedia.lt\/#organization"},"potentialAction":[{"@type":"SearchAction","target":{"@type":"EntryPoint","urlTemplate":"https:\/\/www.grabmedia.lt\/?s={search_term_string}"},"query-input":{"@type":"PropertyValueSpecification","valueRequired":true,"valueName":"search_term_string"}}],"inLanguage":"en-US"},{"@type":"Organization","@id":"https:\/\/www.grabmedia.lt\/#organization","name":"www.grabmedia.lt","url":"https:\/\/www.grabmedia.lt\/","logo":{"@type":"ImageObject","inLanguage":"en-US","@id":"https:\/\/www.grabmedia.lt\/#\/schema\/logo\/image\/","url":"https:\/\/www.grabmedia.lt\/wp-content\/uploads\/2023\/04\/grabmedia_logo.png","contentUrl":"https:\/\/www.grabmedia.lt\/wp-content\/uploads\/2023\/04\/grabmedia_logo.png","width":220,"height":58,"caption":"www.grabmedia.lt"},"image":{"@id":"https:\/\/www.grabmedia.lt\/#\/schema\/logo\/image\/"}}]}},"_links":{"self":[{"href":"https:\/\/www.grabmedia.lt\/en\/wp-json\/wp\/v2\/pages\/690","targetHints":{"allow":["GET"]}}],"collection":[{"href":"https:\/\/www.grabmedia.lt\/en\/wp-json\/wp\/v2\/pages"}],"about":[{"href":"https:\/\/www.grabmedia.lt\/en\/wp-json\/wp\/v2\/types\/page"}],"author":[{"embeddable":true,"href":"https:\/\/www.grabmedia.lt\/en\/wp-json\/wp\/v2\/users\/1"}],"replies":[{"embeddable":true,"href":"https:\/\/www.grabmedia.lt\/en\/wp-json\/wp\/v2\/comments?post=690"}],"version-history":[{"count":11,"href":"https:\/\/www.grabmedia.lt\/en\/wp-json\/wp\/v2\/pages\/690\/revisions"}],"predecessor-version":[{"id":9193,"href":"https:\/\/www.grabmedia.lt\/en\/wp-json\/wp\/v2\/pages\/690\/revisions\/9193"}],"wp:featuredmedia":[{"embeddable":true,"href":"https:\/\/www.grabmedia.lt\/en\/wp-json\/wp\/v2\/media\/126"}],"wp:attachment":[{"href":"https:\/\/www.grabmedia.lt\/en\/wp-json\/wp\/v2\/media?parent=690"}],"wp:term":[{"taxonomy":"puslapio-kategorija","embeddable":true,"href":"https:\/\/www.grabmedia.lt\/en\/wp-json\/wp\/v2\/puslapio-kategorija?post=690"}],"curies":[{"name":"wp","href":"https:\/\/api.w.org\/{rel}","templated":true}]}}